{"id":1367,"date":"2025-10-02T14:32:58","date_gmt":"2025-10-02T13:32:58","guid":{"rendered":"https:\/\/biennalecancerologie.org\/2026\/?page_id=1367"},"modified":"2025-10-14T15:30:35","modified_gmt":"2025-10-14T14:30:35","slug":"les-grandes-aires-therapeutiques","status":"publish","type":"page","link":"https:\/\/biennalecancerologie.org\/2026\/?page_id=1367","title":{"rendered":"Les grandes aires th\u00e9rapeutiques"},"content":{"rendered":"\t\t<div data-elementor-type=\"wp-page\" data-elementor-id=\"1367\" class=\"elementor elementor-1367\" data-elementor-post-type=\"page\">\n\t\t\t\t<div class=\"elementor-element elementor-element-f6dc3a5 e-flex e-con-boxed e-con e-parent\" data-id=\"f6dc3a5\" data-element_type=\"container\">\n\t\t\t\t\t<div class=\"e-con-inner\">\n\t\t<div class=\"elementor-element elementor-element-28fc86f e-con-full e-flex e-con e-child\" data-id=\"28fc86f\" data-element_type=\"container\">\n\t\t\t\t<div class=\"elementor-element elementor-element-a109991 ekit-equal-height-disable elementor-widget elementor-widget-elementskit-icon-box\" data-id=\"a109991\" data-element_type=\"widget\" data-widget_type=\"elementskit-icon-box.default\">\n\t\t\t\t<div class=\"elementor-widget-container\">\n\t\t\t\t\t<div class=\"ekit-wid-con\" >        <!-- link opening -->\n                <a href=\"https:\/\/biennalecancerologie.org\/2026\/wp-content\/uploads\/2025\/10\/Cancers-des-Voies-Aero-digestives.pdf\" target=\"_blank\" download=\"aire\" class=\"ekit_global_links\">\n                <!-- end link opening -->\n\n        <div class=\"elementskit-infobox text-left text- icon-lef-right-aligin elementor-animation-   \">\n                        <div class=\"box-body\">\n                            <h3 class=\"elementskit-info-box-title\">\n                    Cancers des Voies A\u00e9ro-Digestives                <\/h3>\n                        \t\t  \t<p>T\u00e9l\u00e9charger &gt;<\/p>\n                                <\/div>\n        \n        \n                <\/div>\n                <\/a>\n        <\/div>\t\t\t\t<\/div>\n\t\t\t\t<\/div>\n\t\t\t\t<\/div>\n\t\t<div class=\"elementor-element elementor-element-1676bad e-con-full e-flex e-con e-child\" data-id=\"1676bad\" data-element_type=\"container\">\n\t\t\t\t<div class=\"elementor-element elementor-element-0a12a7c ekit-equal-height-disable elementor-widget elementor-widget-elementskit-icon-box\" data-id=\"0a12a7c\" data-element_type=\"widget\" data-widget_type=\"elementskit-icon-box.default\">\n\t\t\t\t<div class=\"elementor-widget-container\">\n\t\t\t\t\t<div class=\"ekit-wid-con\" >        <!-- link opening -->\n                <a href=\"https:\/\/biennalecancerologie.org\/2026\/wp-content\/uploads\/2025\/10\/BMC2026_CancersDigestifs.pdf\" target=\"_blank\" download=\"aire\" class=\"ekit_global_links\">\n                <!-- end link opening -->\n\n        <div class=\"elementskit-infobox text-left text- icon-lef-right-aligin elementor-animation-   \">\n                        <div class=\"box-body\">\n                            <h3 class=\"elementskit-info-box-title\">\n                    Cancers Digestifs                <\/h3>\n                        \t\t  \t<p>T\u00e9l\u00e9charger &gt;<\/p>\n                                <\/div>\n        \n        \n                <\/div>\n                <\/a>\n        <\/div>\t\t\t\t<\/div>\n\t\t\t\t<\/div>\n\t\t\t\t<\/div>\n\t\t\t\t\t<\/div>\n\t\t\t\t<\/div>\n\t\t<div class=\"elementor-element elementor-element-32d64ea e-flex e-con-boxed e-con e-parent\" data-id=\"32d64ea\" data-element_type=\"container\">\n\t\t\t\t\t<div class=\"e-con-inner\">\n\t\t<div class=\"elementor-element elementor-element-c2b7a6c e-con-full e-flex e-con e-child\" data-id=\"c2b7a6c\" data-element_type=\"container\">\n\t\t\t\t<div class=\"elementor-element elementor-element-3dd4265 ekit-equal-height-disable elementor-widget elementor-widget-elementskit-icon-box\" data-id=\"3dd4265\" data-element_type=\"widget\" data-widget_type=\"elementskit-icon-box.default\">\n\t\t\t\t<div class=\"elementor-widget-container\">\n\t\t\t\t\t<div class=\"ekit-wid-con\" >        <!-- link opening -->\n                <a href=\"https:\/\/biennalecancerologie.org\/2026\/wp-content\/uploads\/2025\/10\/BMC2026_CancersGynecologiques.pdf\" target=\"_blank\" download=\"aire\" class=\"ekit_global_links\">\n                <!-- end link opening -->\n\n        <div class=\"elementskit-infobox text-left text- icon-lef-right-aligin elementor-animation-   \">\n                        <div class=\"box-body\">\n                            <h3 class=\"elementskit-info-box-title\">\n                    Cancers Gyne\u0301cologiques                <\/h3>\n                        \t\t  \t<p>T\u00e9l\u00e9charger &gt;<\/p>\n                                <\/div>\n        \n        \n                <\/div>\n                <\/a>\n        <\/div>\t\t\t\t<\/div>\n\t\t\t\t<\/div>\n\t\t\t\t<\/div>\n\t\t<div class=\"elementor-element elementor-element-163db51 e-con-full e-flex e-con e-child\" data-id=\"163db51\" data-element_type=\"container\">\n\t\t\t\t<div class=\"elementor-element elementor-element-7ff0ef8 ekit-equal-height-disable elementor-widget elementor-widget-elementskit-icon-box\" data-id=\"7ff0ef8\" data-element_type=\"widget\" data-widget_type=\"elementskit-icon-box.default\">\n\t\t\t\t<div class=\"elementor-widget-container\">\n\t\t\t\t\t<div class=\"ekit-wid-con\" >        <!-- link opening -->\n                <a href=\"https:\/\/biennalecancerologie.org\/2026\/wp-content\/uploads\/2025\/10\/BMC2026_CancersGU.pdf\" target=\"_blank\" download=\"aire\" class=\"ekit_global_links\">\n                <!-- end link opening -->\n\n        <div class=\"elementskit-infobox text-left text- icon-lef-right-aligin elementor-animation-   \">\n                        <div class=\"box-body\">\n                            <h3 class=\"elementskit-info-box-title\">\n                    Cancers G\u00e9nito-Urinaires                <\/h3>\n                        \t\t  \t<p>T\u00e9l\u00e9charger &gt;<\/p>\n                                <\/div>\n        \n        \n                <\/div>\n                <\/a>\n        <\/div>\t\t\t\t<\/div>\n\t\t\t\t<\/div>\n\t\t\t\t<\/div>\n\t\t\t\t\t<\/div>\n\t\t\t\t<\/div>\n\t\t<div class=\"elementor-element elementor-element-9ad94dd e-flex e-con-boxed e-con e-parent\" data-id=\"9ad94dd\" data-element_type=\"container\">\n\t\t\t\t\t<div class=\"e-con-inner\">\n\t\t<div class=\"elementor-element elementor-element-5f95b45 e-con-full e-flex e-con e-child\" data-id=\"5f95b45\" data-element_type=\"container\">\n\t\t\t\t<div class=\"elementor-element elementor-element-9879d9c ekit-equal-height-disable elementor-widget elementor-widget-elementskit-icon-box\" data-id=\"9879d9c\" data-element_type=\"widget\" data-widget_type=\"elementskit-icon-box.default\">\n\t\t\t\t<div class=\"elementor-widget-container\">\n\t\t\t\t\t<div class=\"ekit-wid-con\" >        <!-- link opening -->\n                <a href=\"https:\/\/biennalecancerologie.org\/2026\/wp-content\/uploads\/2025\/10\/BMC2026_CancersPoumon.pdf\" target=\"_blank\" download=\"aire\" class=\"ekit_global_links\">\n                <!-- end link opening -->\n\n        <div class=\"elementskit-infobox text-left text- icon-lef-right-aligin elementor-animation-   \">\n                        <div class=\"box-body\">\n                            <h3 class=\"elementskit-info-box-title\">\n                    Cancers Pulmonaires                <\/h3>\n                        \t\t  \t<p>T\u00e9l\u00e9charger &gt;<\/p>\n                                <\/div>\n        \n        \n                <\/div>\n                <\/a>\n        <\/div>\t\t\t\t<\/div>\n\t\t\t\t<\/div>\n\t\t\t\t<\/div>\n\t\t<div class=\"elementor-element elementor-element-6b71201 e-con-full e-flex e-con e-child\" data-id=\"6b71201\" data-element_type=\"container\">\n\t\t\t\t<div class=\"elementor-element elementor-element-b9810c0 ekit-equal-height-disable elementor-widget elementor-widget-elementskit-icon-box\" data-id=\"b9810c0\" data-element_type=\"widget\" data-widget_type=\"elementskit-icon-box.default\">\n\t\t\t\t<div class=\"elementor-widget-container\">\n\t\t\t\t\t<div class=\"ekit-wid-con\" >        <!-- link opening -->\n                <a href=\"https:\/\/biennalecancerologie.org\/2026\/wp-content\/uploads\/2025\/10\/BMC2026_CancersSein.pdf\" target=\"_blank\" download=\"aire\" class=\"ekit_global_links\">\n                <!-- end link opening -->\n\n        <div class=\"elementskit-infobox text-left text- icon-lef-right-aligin elementor-animation-   \">\n                        <div class=\"box-body\">\n                            <h3 class=\"elementskit-info-box-title\">\n                    Cancers du Sein                <\/h3>\n                        \t\t  \t<p>T\u00e9l\u00e9charger &gt;<\/p>\n                                <\/div>\n        \n        \n                <\/div>\n                <\/a>\n        <\/div>\t\t\t\t<\/div>\n\t\t\t\t<\/div>\n\t\t\t\t<\/div>\n\t\t\t\t\t<\/div>\n\t\t\t\t<\/div>\n\t\t<div class=\"elementor-element elementor-element-5d5113c e-flex e-con-boxed e-con e-parent\" data-id=\"5d5113c\" data-element_type=\"container\">\n\t\t\t\t\t<div class=\"e-con-inner\">\n\t\t<div class=\"elementor-element elementor-element-8285ced e-con-full e-flex e-con e-child\" data-id=\"8285ced\" data-element_type=\"container\">\n\t\t\t\t<div class=\"elementor-element elementor-element-7c8539d ekit-equal-height-disable elementor-widget elementor-widget-elementskit-icon-box\" data-id=\"7c8539d\" data-element_type=\"widget\" data-widget_type=\"elementskit-icon-box.default\">\n\t\t\t\t<div class=\"elementor-widget-container\">\n\t\t\t\t\t<div class=\"ekit-wid-con\" >        <!-- link opening -->\n                <a href=\"https:\/\/biennalecancerologie.org\/2026\/wp-content\/uploads\/2025\/10\/BMC2026_Hematologie.pdf\" target=\"_blank\" download=\"aire\" class=\"ekit_global_links\">\n                <!-- end link opening -->\n\n        <div class=\"elementskit-infobox text-left text- icon-lef-right-aligin elementor-animation-   \">\n                        <div class=\"box-body\">\n                            <h3 class=\"elementskit-info-box-title\">\n                    H\u00e9matologie                <\/h3>\n                        \t\t  \t<p>T\u00e9l\u00e9charger &gt;<\/p>\n                                <\/div>\n        \n        \n                <\/div>\n                <\/a>\n        <\/div>\t\t\t\t<\/div>\n\t\t\t\t<\/div>\n\t\t\t\t<\/div>\n\t\t<div class=\"elementor-element elementor-element-1c12c72 e-con-full e-flex e-con e-child\" data-id=\"1c12c72\" data-element_type=\"container\">\n\t\t\t\t<div class=\"elementor-element elementor-element-e82512a ekit-equal-height-disable elementor-widget elementor-widget-elementskit-icon-box\" data-id=\"e82512a\" data-element_type=\"widget\" data-widget_type=\"elementskit-icon-box.default\">\n\t\t\t\t<div class=\"elementor-widget-container\">\n\t\t\t\t\t<div class=\"ekit-wid-con\" >        <!-- link opening -->\n                <a href=\"https:\/\/biennalecancerologie.org\/2026\/wp-content\/uploads\/2025\/10\/V6_BMC2026_Flyers_Pharmacie-clinique-copia.pdf\" target=\"_blank\" download=\"aire\" class=\"ekit_global_links\">\n                <!-- end link opening -->\n\n        <div class=\"elementskit-infobox text-left text- icon-lef-right-aligin elementor-animation-   \">\n                        <div class=\"box-body\">\n                            <h3 class=\"elementskit-info-box-title\">\n                    Pharmacie Clinique                <\/h3>\n                        \t\t  \t<p>T\u00e9l\u00e9charger &gt;<\/p>\n                                <\/div>\n        \n        \n                <\/div>\n                <\/a>\n        <\/div>\t\t\t\t<\/div>\n\t\t\t\t<\/div>\n\t\t\t\t<\/div>\n\t\t\t\t\t<\/div>\n\t\t\t\t<\/div>\n\t\t<div class=\"elementor-element elementor-element-ebc3d79 e-flex e-con-boxed e-con e-parent\" data-id=\"ebc3d79\" data-element_type=\"container\">\n\t\t\t\t\t<div class=\"e-con-inner\">\n\t\t<div class=\"elementor-element elementor-element-de68ea1 e-con-full e-flex e-con e-child\" data-id=\"de68ea1\" data-element_type=\"container\">\n\t\t\t\t<div class=\"elementor-element elementor-element-2023458 ekit-equal-height-disable elementor-widget elementor-widget-elementskit-icon-box\" data-id=\"2023458\" data-element_type=\"widget\" data-widget_type=\"elementskit-icon-box.default\">\n\t\t\t\t<div class=\"elementor-widget-container\">\n\t\t\t\t\t<div class=\"ekit-wid-con\" >        <!-- link opening -->\n                <a href=\"https:\/\/biennalecancerologie.org\/2026\/wp-content\/uploads\/2025\/10\/BMC2026_Radiotherapie.pdf\" target=\"_blank\" download=\"aire\" class=\"ekit_global_links\">\n                <!-- end link opening -->\n\n        <div class=\"elementskit-infobox text-left text- icon-lef-right-aligin elementor-animation-   \">\n                        <div class=\"box-body\">\n                            <h3 class=\"elementskit-info-box-title\">\n                    Radiothe\u0301rapie                <\/h3>\n                        \t\t  \t<p>T\u00e9l\u00e9charger &gt;<\/p>\n                                <\/div>\n        \n        \n                <\/div>\n                <\/a>\n        <\/div>\t\t\t\t<\/div>\n\t\t\t\t<\/div>\n\t\t\t\t<\/div>\n\t\t<div class=\"elementor-element elementor-element-b7621d5 e-con-full e-flex e-con e-child\" data-id=\"b7621d5\" data-element_type=\"container\">\n\t\t\t\t<div class=\"elementor-element elementor-element-575444b ekit-equal-height-disable elementor-widget elementor-widget-elementskit-icon-box\" data-id=\"575444b\" data-element_type=\"widget\" data-widget_type=\"elementskit-icon-box.default\">\n\t\t\t\t<div class=\"elementor-widget-container\">\n\t\t\t\t\t<div class=\"ekit-wid-con\" >        <!-- link opening -->\n                <a href=\"https:\/\/biennalecancerologie.org\/2026\/wp-content\/uploads\/2025\/10\/BMC2026_Sarcomes.pdf\" target=\"_blank\" download=\"aire\" class=\"ekit_global_links\">\n                <!-- end link opening -->\n\n        <div class=\"elementskit-infobox text-left text- icon-lef-right-aligin elementor-animation-   \">\n                        <div class=\"box-body\">\n                            <h3 class=\"elementskit-info-box-title\">\n                    Sarcomes                <\/h3>\n                        \t\t  \t<p>T\u00e9l\u00e9charger &gt;<\/p>\n                                <\/div>\n        \n        \n                <\/div>\n                <\/a>\n        <\/div>\t\t\t\t<\/div>\n\t\t\t\t<\/div>\n\t\t\t\t<\/div>\n\t\t\t\t\t<\/div>\n\t\t\t\t<\/div>\n\t\t\t\t<\/div>\n\t\t\r\n<!-- WeMeet Web(R) - Gange - All rights reserved: 2010 - 2025, plug-in for WordPress by Lena Group, https:\/\/lenagroup.net -->\r\n<div id=\"idGangeCookiesDiv1\" class=\"gange_CookiesDiv1\"><div id=\"idGangeCookiesDiv2\" class=\"gange_CookiesDiv2\"><form id=\"idGangeCookiesForm\" name=\"GangeCookiesForm\" action=\"#\" method=\"post\"><span id=\"idGangeCookiesSpan1\" class=\"gange_CookiesSpan1\">Nous utilisons des cookies pour vous garantir la meilleure exp\u00e9rience sur notre site Web.<\/span><span id=\"idGangeCookiesSpan2\" class=\"gange_CookiesSpan2\">Nous utilisons des cookies pour am\u00e9liorer l'analyse de nos performances. Vous pouvez autoriser ou bloquer les cookies en cochant la case \u00e0 droite de chaque cookie. <a href='https:\/\/lenagroup.net\/other\/cookies-policy\/' target='_blank'>See our cookies policy<\/a>.<br>Google Analytics, j'accepte:<input id=\"idGangeCookiesAnalytics\" name=\"idGangeCookiesAnalytics\" type=\"checkbox\" checked=\"checked\" value=\"1\"><\/span><span id=\"idGangeCookiesSpanSubmit\" class=\"gange_CookiesSpanSubmit\"><input id=\"idGangeCookiesTag\" name=\"idGangeCookiesTag\" type=\"hidden\" value=\"##COOKIESGANGE##\"><input id=\"idGangeCookiesSubmit\" name=\"idGangeCookiesSubmit\" type=\"submit\" class=\"gange_CookiesSubmit\" value=\"Update my Preferences\"><\/span><\/form><\/div><\/div><script type=\"text\/javascript\"> $('body').css('overflow','hidden'); <\/script>\r\n<!-- WeMeet Web(R) - Gange - All rights reserved: 2010 - 2025, plug-in for WordPress by Lena Group, https:\/\/lenagroup.net -->\r\n <script type=\"text\/javascript\"> if (typeof(f_tFlgVISA) === typeof(Function))  \tf_tFlgVISA(null);  if (typeof(f_tFlgAllergia) === typeof(Function))  \tf_tFlgAllergia(null);  if (typeof(f_IDTipologia) === typeof(Function)) {  \tvar eObjTYPE = document.getElementById(\"id_IDTipologia\");  \tf_IDTipologia(eObjTYPE);  }  if (typeof(f_IDAttivita) === typeof(Function)) {  \tvar etFlgActivity = document.getElementById(\"id_IDAttivita\");  \tf_IDAttivita(etFlgActivity);  }  if (typeof(f_IDNazionalita) === typeof(Function)) {  \tvar etFlgNazionalita = document.getElementById(\"id_IDNazionalita\");  \tf_IDNazionalita(etFlgNazionalita);  }  if (typeof(f_IndFattIDNazione) === typeof(Function))  \tf_IndFattIDNazione(null);  if (typeof(f_IDDomanda15943) === typeof(Function)) {  \tvar etFlgDomanda15943 = document.getElementById(\"id_IDDomanda15943\");  \tif (etFlgDomanda15943 != null) {  \t\tf_IDDomanda15943(etFlgDomanda15943);  \t}  }  if (typeof(f_IDDomanda15945) === typeof(Function)) {  \tvar etFlgDomanda15945 = document.getElementById(\"id_IDDomanda15945\");  \tif (etFlgDomanda15945 != null) {  \t\tf_IDDomanda15945(etFlgDomanda15945);  \t}  }  if (typeof(f_IDDomanda16517) === typeof(Function)) {  \tvar etFlgDomanda16517 = document.getElementById(\"id_IDDomanda16517\");  \tif (etFlgDomanda16517 != null) {  \t\tf_IDDomanda16517(etFlgDomanda16517);  \t}  }  if (typeof(f_IDDomanda16518) === typeof(Function)) {  \tvar etFlgDomanda16518 = document.getElementById(\"id_IDDomanda16518\");  \tif (etFlgDomanda16518 != null) {  \t\tf_IDDomanda16518(etFlgDomanda16518);  \t}  }  if (typeof(f_IDDomanda16521) === typeof(Function)) {  \tvar etFlgDomanda16521 = document.getElementById(\"id_IDDomanda16521\");  \tif (etFlgDomanda16521 != null) {  \t\tf_IDDomanda16521(etFlgDomanda16521);  \t}  }  if (typeof(f_IDDomanda16476) === typeof(Function)) {  \tvar etFlgDomanda16476 = document.getElementById(\"id_IDDomanda16476\");  \tif (etFlgDomanda16476 != null) {  \t\tf_IDDomanda16476(etFlgDomanda16476);  \t}  }  if (typeof(f_IDDomanda16488) === typeof(Function)) {  \tvar etFlgDomanda16488 = document.getElementById(\"id_IDDomanda16488\");  \tif (etFlgDomanda16488 != null) {  \t\tf_IDDomanda16488(etFlgDomanda16488);  \t}  }  if (typeof(f_IDDomanda16479) === typeof(Function)) {  \tvar etFlgDomanda16479 = document.getElementById(\"id_IDDomanda16479\");  \tif (etFlgDomanda16479 != null) {  \t\tf_IDDomanda16479(etFlgDomanda16479);  \t}  }  <\/script>","protected":false},"excerpt":{"rendered":"<p>Cancers des Voies A\u00e9ro-Digestives T\u00e9l\u00e9charger &gt; Cancers Digestifs T\u00e9l\u00e9charger &gt; Cancers Gyne\u0301cologiques T\u00e9l\u00e9charger &gt; Cancers G\u00e9nito-Urinaires T\u00e9l\u00e9charger &gt; Cancers Pulmonaires T\u00e9l\u00e9charger &gt; Cancers du Sein T\u00e9l\u00e9charger &gt; H\u00e9matologie T\u00e9l\u00e9charger &gt; Pharmacie Clinique T\u00e9l\u00e9charger &gt; Radiothe\u0301rapie T\u00e9l\u00e9charger &gt; Sarcomes T\u00e9l\u00e9charger &gt; Nous utilisons des cookies pour vous garantir la meilleure exp\u00e9rience sur notre site Web.Nous utilisons [&hellip;]<\/p>\n","protected":false},"author":3,"featured_media":0,"parent":0,"menu_order":0,"comment_status":"closed","ping_status":"closed","template":"","meta":{"footnotes":""},"class_list":["post-1367","page","type-page","status-publish","hentry"],"_links":{"self":[{"href":"https:\/\/biennalecancerologie.org\/2026\/index.php?rest_route=\/wp\/v2\/pages\/1367","targetHints":{"allow":["GET"]}}],"collection":[{"href":"https:\/\/biennalecancerologie.org\/2026\/index.php?rest_route=\/wp\/v2\/pages"}],"about":[{"href":"https:\/\/biennalecancerologie.org\/2026\/index.php?rest_route=\/wp\/v2\/types\/page"}],"author":[{"embeddable":true,"href":"https:\/\/biennalecancerologie.org\/2026\/index.php?rest_route=\/wp\/v2\/users\/3"}],"replies":[{"embeddable":true,"href":"https:\/\/biennalecancerologie.org\/2026\/index.php?rest_route=%2Fwp%2Fv2%2Fcomments&post=1367"}],"version-history":[{"count":25,"href":"https:\/\/biennalecancerologie.org\/2026\/index.php?rest_route=\/wp\/v2\/pages\/1367\/revisions"}],"predecessor-version":[{"id":1445,"href":"https:\/\/biennalecancerologie.org\/2026\/index.php?rest_route=\/wp\/v2\/pages\/1367\/revisions\/1445"}],"wp:attachment":[{"href":"https:\/\/biennalecancerologie.org\/2026\/index.php?rest_route=%2Fwp%2Fv2%2Fmedia&parent=1367"}],"curies":[{"name":"wp","href":"https:\/\/api.w.org\/{rel}","templated":true}]}}