{"id":1730,"date":"2025-12-22T16:26:05","date_gmt":"2025-12-22T16:26:05","guid":{"rendered":"https:\/\/biennalecancerologie.org\/2026\/?page_id=1730"},"modified":"2025-12-22T16:27:46","modified_gmt":"2025-12-22T16:27:46","slug":"guide-pratique-orateurs","status":"publish","type":"page","link":"https:\/\/biennalecancerologie.org\/2026\/?page_id=1730","title":{"rendered":"Guide Pratique Orateurs"},"content":{"rendered":"\t\t<div data-elementor-type=\"wp-page\" data-elementor-id=\"1730\" class=\"elementor elementor-1730\" data-elementor-post-type=\"page\">\n\t\t\t\t<div class=\"elementor-element elementor-element-5d2e17f e-flex e-con-boxed e-con e-parent\" data-id=\"5d2e17f\" data-element_type=\"container\">\n\t\t\t\t\t<div class=\"e-con-inner\">\n\t\t<div class=\"elementor-element elementor-element-20b3009 e-con-full e-flex e-con e-child\" data-id=\"20b3009\" data-element_type=\"container\" data-settings=\"{&quot;sticky&quot;:&quot;top&quot;,&quot;sticky_offset&quot;:88,&quot;sticky_parent&quot;:&quot;yes&quot;,&quot;sticky_on&quot;:[&quot;desktop&quot;,&quot;tablet&quot;,&quot;mobile&quot;],&quot;sticky_effects_offset&quot;:0,&quot;sticky_anchor_link_offset&quot;:0}\">\n\t\t\t\t<div class=\"elementor-element elementor-element-bd090d4 elementor-toc--minimized-on-tablet elementor-widget elementor-widget-table-of-contents\" data-id=\"bd090d4\" data-element_type=\"widget\" data-settings=\"{&quot;headings_by_tags&quot;:[&quot;h4&quot;,&quot;h5&quot;,&quot;h6&quot;],&quot;exclude_headings_by_selector&quot;:[],&quot;no_headings_message&quot;:&quot;No headings were found on this page.&quot;,&quot;marker_view&quot;:&quot;numbers&quot;,&quot;minimize_box&quot;:&quot;yes&quot;,&quot;minimized_on&quot;:&quot;tablet&quot;,&quot;hierarchical_view&quot;:&quot;yes&quot;,&quot;min_height&quot;:{&quot;unit&quot;:&quot;px&quot;,&quot;size&quot;:&quot;&quot;,&quot;sizes&quot;:[]},&quot;min_height_tablet&quot;:{&quot;unit&quot;:&quot;px&quot;,&quot;size&quot;:&quot;&quot;,&quot;sizes&quot;:[]},&quot;min_height_mobile&quot;:{&quot;unit&quot;:&quot;px&quot;,&quot;size&quot;:&quot;&quot;,&quot;sizes&quot;:[]}}\" data-widget_type=\"table-of-contents.default\">\n\t\t\t\t<div class=\"elementor-widget-container\">\n\t\t\t\t\t\t\t<div class=\"elementor-toc__header\">\n\t\t\t<h4 class=\"elementor-toc__header-title\">\n\t\t\t\tTable des mati\u00e8res\t\t\t<\/h4>\n\t\t\t\t\t\t\t<div class=\"elementor-toc__toggle-button elementor-toc__toggle-button--expand\" role=\"button\" tabindex=\"0\" aria-controls=\"elementor-toc__bd090d4\" aria-expanded=\"true\" aria-label=\"Open table of contents\"><svg aria-hidden=\"true\" class=\"e-font-icon-svg e-fas-chevron-down\" viewBox=\"0 0 448 512\" xmlns=\"http:\/\/www.w3.org\/2000\/svg\"><path d=\"M207.029 381.476L12.686 187.132c-9.373-9.373-9.373-24.569 0-33.941l22.667-22.667c9.357-9.357 24.522-9.375 33.901-.04L224 284.505l154.745-154.021c9.379-9.335 24.544-9.317 33.901.04l22.667 22.667c9.373 9.373 9.373 24.569 0 33.941L240.971 381.476c-9.373 9.372-24.569 9.372-33.942 0z\"><\/path><\/svg><\/div>\n\t\t\t\t<div class=\"elementor-toc__toggle-button elementor-toc__toggle-button--collapse\" role=\"button\" tabindex=\"0\" aria-controls=\"elementor-toc__bd090d4\" aria-expanded=\"true\" aria-label=\"Close table of contents\"><svg aria-hidden=\"true\" class=\"e-font-icon-svg e-fas-chevron-up\" viewBox=\"0 0 448 512\" xmlns=\"http:\/\/www.w3.org\/2000\/svg\"><path d=\"M240.971 130.524l194.343 194.343c9.373 9.373 9.373 24.569 0 33.941l-22.667 22.667c-9.357 9.357-24.522 9.375-33.901.04L224 227.495 69.255 381.516c-9.379 9.335-24.544 9.317-33.901-.04l-22.667-22.667c-9.373-9.373-9.373-24.569 0-33.941L207.03 130.525c9.372-9.373 24.568-9.373 33.941-.001z\"><\/path><\/svg><\/div>\n\t\t\t\t\t<\/div>\n\t\t<div id=\"elementor-toc__bd090d4\" class=\"elementor-toc__body\">\n\t\t\t<div class=\"elementor-toc__spinner-container\">\n\t\t\t\t<svg class=\"elementor-toc__spinner eicon-animation-spin e-font-icon-svg e-eicon-loading\" aria-hidden=\"true\" viewBox=\"0 0 1000 1000\" xmlns=\"http:\/\/www.w3.org\/2000\/svg\"><path d=\"M500 975V858C696 858 858 696 858 500S696 142 500 142 142 304 142 500H25C25 237 238 25 500 25S975 237 975 500 763 975 500 975Z\"><\/path><\/svg>\t\t\t<\/div>\n\t\t<\/div>\n\t\t\t\t\t\t<\/div>\n\t\t\t\t<\/div>\n\t\t\t\t<\/div>\n\t\t<div class=\"elementor-element elementor-element-d2e9fe4 e-con-full e-flex e-con e-child\" data-id=\"d2e9fe4\" data-element_type=\"container\" data-settings=\"{&quot;background_background&quot;:&quot;classic&quot;}\">\n\t\t<div class=\"elementor-element elementor-element-a81c337 e-con-full e-flex e-con e-child\" data-id=\"a81c337\" data-element_type=\"container\" data-settings=\"{&quot;background_background&quot;:&quot;classic&quot;}\">\n\t\t\t\t<div class=\"elementor-element elementor-element-bff4452 elementor-widget elementor-widget-text-editor\" data-id=\"bff4452\" data-element_type=\"widget\" data-widget_type=\"text-editor.default\">\n\t\t\t\t<div class=\"elementor-widget-container\">\n\t\t\t\t\t\t\t\t\t<h5><strong>FORMAT DE FICHIERS PRIS EN CHARGE<\/strong><\/h5><ul><li>PowerPoint (PPT, PPTX)<\/li><li>PDF<\/li><\/ul><h5><strong><br \/>FORMAT DES DIAPOSITIVES<\/strong><\/h5><ul><li>Le format requis pour les diapositives est 16:9.<\/li><\/ul><h5><strong><br \/>MOD\u00c8LE DE DIAPOSITIVES<\/strong><\/h5><p>Veuillez t\u00e9l\u00e9charger un mod\u00e8le que vous pouvez utiliser pour vos diapositives.<\/p><p><a href=\"https:\/\/biennalecancerologie.org\/2026\/wp-content\/uploads\/2025\/09\/BMC2026_PowerPoint-Mask.pptx\" target=\"_blank\" rel=\"noopener\">T\u00e9l\u00e9charger le mod\u00e8le<\/a><\/p><p>Veuillez noter que le mod\u00e8le est disponible pour vous aider \u00e0 pr\u00e9parer votre pr\u00e9sentation, mais vous \u00eates libre d\u2019utiliser votre support PowerPoint\/PDF personnel.<\/p><h5><strong>D\u00c9CLARATION DE LIENS D\u2019INT\u00c9R\u00caT<\/strong><\/h5><p>Nous demandons \u00e0 tous les orateurs et pr\u00e9sentateurs de fournir une d\u00e9claration de conflit d\u2019int\u00e9r\u00eats sous la forme d\u2019une deuxi\u00e8me diapositive de la pr\u00e9sentation.<\/p><h5><strong>POLITIQUE DE (NON) MISE EN LIGNE<\/strong><\/h5><p>Il appartient aux orateurs d\u2019informer l\u2019\u00e9quipe audiovisuelle, lors du d\u00e9p\u00f4t de leurs slides, de leur souhait de ne pas voir leur pr\u00e9sentation mise en ligne ou partag\u00e9e. Ils devront \u00e9galement signer le formulaire attestant de ce refus.<\/p><p>Si vous intervenez pour un symposium avec un partenaire industriel, r\u00e9f\u00e9rez-vous \u00e0 ce dernier pour la police d\u2019exploitation de la pr\u00e9sentation.\u00a0<\/p><h5><strong>DIRECTIVES SUR PLACE<\/strong><\/h5><p>Nous vous invitons \u00e0 vous pr\u00e9senter dans la Salle de Preview 2 heures minimum avant votre intervention, muni d\u2019une cl\u00e9 USB contenant votre pr\u00e9sentation.<\/p><p>Si votre pr\u00e9sentation est pr\u00e9vue lors de la premi\u00e8re session du matin, nous vous remercions de bien vouloir vous rendre dans la salle la veille de votre intervention.<\/p><p>La Salle Preview sera accessible d\u00e8s le <strong>mardi 27 janvier 2026 \u00e0 partir de 14h00.<\/strong><\/p><p>Comme lors des \u00e9ditions pr\u00e9c\u00e9dentes, les diapositives de votre communication seront mises en ligne apr\u00e8s le congr\u00e8s sur le site internet de la Biennale Mon\u00e9gasque de Canc\u00e9rologie, avec votre accord.<\/p><p>Elles seront accessibles uniquement pour les participants inscrits au congr\u00e8s.<\/p><p>Au moment de v\u00e9rifier vos diapositives, nous vous inviterons \u00e9galement \u00e0 signer votre lettre de mission si celle-ci n\u2019a pas d\u2019ores et d\u00e9j\u00e0 \u00e9t\u00e9 sign\u00e9e. Dans le cas d\u2019une intervention pour un symposium avec un partenaire industriel, r\u00e9f\u00e9rez-vous \u00e0 ce dernier pour la police d\u2019exploitation de la pr\u00e9sentation.\u00a0<\/p>\t\t\t\t\t\t\t\t<\/div>\n\t\t\t\t<\/div>\n\t\t\t\t<\/div>\n\t\t<div class=\"elementor-element elementor-element-d79302e e-con-full elementor-hidden-desktop elementor-hidden-tablet elementor-hidden-mobile e-flex e-con e-child\" data-id=\"d79302e\" data-element_type=\"container\" data-settings=\"{&quot;background_background&quot;:&quot;classic&quot;}\">\n\t\t\t\t<div class=\"elementor-element elementor-element-e4c30e3 elementor-widget elementor-widget-text-editor\" data-id=\"e4c30e3\" data-element_type=\"widget\" data-widget_type=\"text-editor.default\">\n\t\t\t\t<div class=\"elementor-widget-container\">\n\t\t\t\t\t\t\t\t\t<p>Les organisateurs de la 16<sup>\u00e8me<\/sup>\u00a0Biennale Mon\u00e9gasque de Canc\u00e9rologie remercient la Principaut\u00e9 de Monaco pour son soutien qui rend la remise de ce Prix possible.<\/p>\t\t\t\t\t\t\t\t<\/div>\n\t\t\t\t<\/div>\n\t\t\t\t<div class=\"elementor-element elementor-element-9d3929b elementor-align-center elementor-widget elementor-widget-button\" data-id=\"9d3929b\" data-element_type=\"widget\" data-widget_type=\"button.default\">\n\t\t\t\t<div class=\"elementor-widget-container\">\n\t\t\t\t\t\t\t\t\t<div class=\"elementor-button-wrapper\">\n\t\t\t\t\t<a class=\"elementor-button elementor-button-link elementor-size-sm\" href=\"#\">\n\t\t\t\t\t\t<span class=\"elementor-button-content-wrapper\">\n\t\t\t\t\t\t<span class=\"elementor-button-icon\">\n\t\t\t\t<svg aria-hidden=\"true\" class=\"e-font-icon-svg e-fas-download\" viewBox=\"0 0 512 512\" xmlns=\"http:\/\/www.w3.org\/2000\/svg\"><path d=\"M216 0h80c13.3 0 24 10.7 24 24v168h87.7c17.8 0 26.7 21.5 14.1 34.1L269.7 378.3c-7.5 7.5-19.8 7.5-27.3 0L90.1 226.1c-12.6-12.6-3.7-34.1 14.1-34.1H192V24c0-13.3 10.7-24 24-24zm296 376v112c0 13.3-10.7 24-24 24H24c-13.3 0-24-10.7-24-24V376c0-13.3 10.7-24 24-24h146.7l49 49c20.1 20.1 52.5 20.1 72.6 0l49-49H488c13.3 0 24 10.7 24 24zm-124 88c0-11-9-20-20-20s-20 9-20 20 9 20 20 20 20-9 20-20zm64 0c0-11-9-20-20-20s-20 9-20 20 9 20 20 20 20-9 20-20z\"><\/path><\/svg>\t\t\t<\/span>\n\t\t\t\t\t\t\t\t\t<span class=\"elementor-button-text\">T\u00e9l\u00e9charger le cahier des charges<\/span>\n\t\t\t\t\t<\/span>\n\t\t\t\t\t<\/a>\n\t\t\t\t<\/div>\n\t\t\t\t\t\t\t\t<\/div>\n\t\t\t\t<\/div>\n\t\t\t\t<div class=\"elementor-element elementor-element-e1d1d25 elementor-widget elementor-widget-heading\" data-id=\"e1d1d25\" data-element_type=\"widget\" data-widget_type=\"heading.default\">\n\t\t\t\t<div class=\"elementor-widget-container\">\n\t\t\t\t\t<p class=\"elementor-heading-title elementor-size-default\">Date limite de candidature : 10 novembre 2025\n<\/p>\t\t\t\t<\/div>\n\t\t\t\t<\/div>\n\t\t\t\t<\/div>\n\t\t\t\t<\/div>\n\t\t\t\t\t<\/div>\n\t\t\t\t<\/div>\n\t\t\t\t<\/div>\n\t\t\r\n<!-- WeMeet Web(R) - Gange - All rights reserved: 2010 - 2025, plug-in for WordPress by Lena Group, https:\/\/lenagroup.net -->\r\n<div id=\"idGangeCookiesDiv1\" class=\"gange_CookiesDiv1\"><div id=\"idGangeCookiesDiv2\" class=\"gange_CookiesDiv2\"><form id=\"idGangeCookiesForm\" name=\"GangeCookiesForm\" action=\"#\" method=\"post\"><span id=\"idGangeCookiesSpan1\" class=\"gange_CookiesSpan1\">Nous utilisons des cookies pour vous garantir la meilleure exp\u00e9rience sur notre site Web.<\/span><span id=\"idGangeCookiesSpan2\" class=\"gange_CookiesSpan2\">Nous utilisons des cookies pour am\u00e9liorer l'analyse de nos performances. Vous pouvez autoriser ou bloquer les cookies en cochant la case \u00e0 droite de chaque cookie. <a href='https:\/\/lenagroup.net\/other\/cookies-policy\/' target='_blank'>See our cookies policy<\/a>.<br>Google Analytics, j'accepte:<input id=\"idGangeCookiesAnalytics\" name=\"idGangeCookiesAnalytics\" type=\"checkbox\" checked=\"checked\" value=\"1\"><\/span><span id=\"idGangeCookiesSpanSubmit\" class=\"gange_CookiesSpanSubmit\"><input id=\"idGangeCookiesTag\" name=\"idGangeCookiesTag\" type=\"hidden\" value=\"##COOKIESGANGE##\"><input id=\"idGangeCookiesSubmit\" name=\"idGangeCookiesSubmit\" type=\"submit\" class=\"gange_CookiesSubmit\" value=\"Update my Preferences\"><\/span><\/form><\/div><\/div><script type=\"text\/javascript\"> $('body').css('overflow','hidden'); <\/script>\r\n<!-- WeMeet Web(R) - Gange - All rights reserved: 2010 - 2025, plug-in for WordPress by Lena Group, https:\/\/lenagroup.net -->\r\n <script type=\"text\/javascript\"> if (typeof(f_tFlgVISA) === typeof(Function))  \tf_tFlgVISA(null);  if (typeof(f_tFlgAllergia) === typeof(Function))  \tf_tFlgAllergia(null);  if (typeof(f_IDTipologia) === typeof(Function)) {  \tvar eObjTYPE = document.getElementById(\"id_IDTipologia\");  \tf_IDTipologia(eObjTYPE);  }  if (typeof(f_IDAttivita) === typeof(Function)) {  \tvar etFlgActivity = document.getElementById(\"id_IDAttivita\");  \tf_IDAttivita(etFlgActivity);  }  if (typeof(f_IDNazionalita) === typeof(Function)) {  \tvar etFlgNazionalita = document.getElementById(\"id_IDNazionalita\");  \tf_IDNazionalita(etFlgNazionalita);  }  if (typeof(f_IndFattIDNazione) === typeof(Function))  \tf_IndFattIDNazione(null);  if (typeof(f_IDDomanda15943) === typeof(Function)) {  \tvar etFlgDomanda15943 = document.getElementById(\"id_IDDomanda15943\");  \tif (etFlgDomanda15943 != null) {  \t\tf_IDDomanda15943(etFlgDomanda15943);  \t}  }  if (typeof(f_IDDomanda15945) === typeof(Function)) {  \tvar etFlgDomanda15945 = document.getElementById(\"id_IDDomanda15945\");  \tif (etFlgDomanda15945 != null) {  \t\tf_IDDomanda15945(etFlgDomanda15945);  \t}  }  if (typeof(f_IDDomanda16517) === typeof(Function)) {  \tvar etFlgDomanda16517 = document.getElementById(\"id_IDDomanda16517\");  \tif (etFlgDomanda16517 != null) {  \t\tf_IDDomanda16517(etFlgDomanda16517);  \t}  }  if (typeof(f_IDDomanda16518) === typeof(Function)) {  \tvar etFlgDomanda16518 = document.getElementById(\"id_IDDomanda16518\");  \tif (etFlgDomanda16518 != null) {  \t\tf_IDDomanda16518(etFlgDomanda16518);  \t}  }  if (typeof(f_IDDomanda16521) === typeof(Function)) {  \tvar etFlgDomanda16521 = document.getElementById(\"id_IDDomanda16521\");  \tif (etFlgDomanda16521 != null) {  \t\tf_IDDomanda16521(etFlgDomanda16521);  \t}  }  if (typeof(f_IDDomanda16476) === typeof(Function)) {  \tvar etFlgDomanda16476 = document.getElementById(\"id_IDDomanda16476\");  \tif (etFlgDomanda16476 != null) {  \t\tf_IDDomanda16476(etFlgDomanda16476);  \t}  }  if (typeof(f_IDDomanda16488) === typeof(Function)) {  \tvar etFlgDomanda16488 = document.getElementById(\"id_IDDomanda16488\");  \tif (etFlgDomanda16488 != null) {  \t\tf_IDDomanda16488(etFlgDomanda16488);  \t}  }  if (typeof(f_IDDomanda16479) === typeof(Function)) {  \tvar etFlgDomanda16479 = document.getElementById(\"id_IDDomanda16479\");  \tif (etFlgDomanda16479 != null) {  \t\tf_IDDomanda16479(etFlgDomanda16479);  \t}  }  <\/script>","protected":false},"excerpt":{"rendered":"<p>Table des mati\u00e8res FORMAT DE FICHIERS PRIS EN CHARGE PowerPoint (PPT, PPTX) PDF FORMAT DES DIAPOSITIVES Le format requis pour les diapositives est 16:9. MOD\u00c8LE DE DIAPOSITIVES Veuillez t\u00e9l\u00e9charger un mod\u00e8le que vous pouvez utiliser pour vos diapositives. T\u00e9l\u00e9charger le mod\u00e8le Veuillez noter que le mod\u00e8le est disponible pour vous aider \u00e0 pr\u00e9parer votre pr\u00e9sentation, [&hellip;]<\/p>\n","protected":false},"author":3,"featured_media":0,"parent":0,"menu_order":0,"comment_status":"closed","ping_status":"closed","template":"","meta":{"footnotes":""},"class_list":["post-1730","page","type-page","status-publish","hentry"],"_links":{"self":[{"href":"https:\/\/biennalecancerologie.org\/2026\/index.php?rest_route=\/wp\/v2\/pages\/1730","targetHints":{"allow":["GET"]}}],"collection":[{"href":"https:\/\/biennalecancerologie.org\/2026\/index.php?rest_route=\/wp\/v2\/pages"}],"about":[{"href":"https:\/\/biennalecancerologie.org\/2026\/index.php?rest_route=\/wp\/v2\/types\/page"}],"author":[{"embeddable":true,"href":"https:\/\/biennalecancerologie.org\/2026\/index.php?rest_route=\/wp\/v2\/users\/3"}],"replies":[{"embeddable":true,"href":"https:\/\/biennalecancerologie.org\/2026\/index.php?rest_route=%2Fwp%2Fv2%2Fcomments&post=1730"}],"version-history":[{"count":4,"href":"https:\/\/biennalecancerologie.org\/2026\/index.php?rest_route=\/wp\/v2\/pages\/1730\/revisions"}],"predecessor-version":[{"id":1734,"href":"https:\/\/biennalecancerologie.org\/2026\/index.php?rest_route=\/wp\/v2\/pages\/1730\/revisions\/1734"}],"wp:attachment":[{"href":"https:\/\/biennalecancerologie.org\/2026\/index.php?rest_route=%2Fwp%2Fv2%2Fmedia&parent=1730"}],"curies":[{"name":"wp","href":"https:\/\/api.w.org\/{rel}","templated":true}]}}