{"id":182,"date":"2025-01-20T12:31:43","date_gmt":"2025-01-20T12:31:43","guid":{"rendered":"https:\/\/biennalecancerologie.org\/2026\/?page_id=182"},"modified":"2025-12-08T12:10:16","modified_gmt":"2025-12-08T12:10:16","slug":"evenements-associes","status":"publish","type":"page","link":"https:\/\/biennalecancerologie.org\/2026\/?page_id=182","title":{"rendered":"\u00c9v\u00e8nements associ\u00e9s"},"content":{"rendered":"\t\t<div data-elementor-type=\"wp-page\" data-elementor-id=\"182\" class=\"elementor elementor-182\" data-elementor-post-type=\"page\">\n\t\t\t\t<div class=\"elementor-element elementor-element-7925b13 e-flex e-con-boxed e-con e-parent\" data-id=\"7925b13\" data-element_type=\"container\">\n\t\t\t\t\t<div class=\"e-con-inner\">\n\t\t\t\t<div class=\"elementor-element elementor-element-f40afb5 elementor-widget__width-initial ekit-equal-height-disable elementor-widget elementor-widget-elementskit-icon-box\" data-id=\"f40afb5\" data-element_type=\"widget\" data-widget_type=\"elementskit-icon-box.default\">\n\t\t\t\t<div class=\"elementor-widget-container\">\n\t\t\t\t\t<div class=\"ekit-wid-con\" >        <!-- link opening -->\n                <a href=\"https:\/\/montpellier-cancer.com\/en\/6th-edition-of-the-metabolism-cancer-congress\/\" target=\"_blank\" class=\"ekit_global_links\">\n                <!-- end link opening -->\n\n        <div class=\"elementskit-infobox text- text-left icon-lef-right-aligin elementor-animation- media  \">\n                            <div class=\"elementskit-box-header\">\n                <div class=\"elementskit-info-box-icon text-center\">\n                    <img fetchpriority=\"high\" decoding=\"async\" width=\"720\" height=\"405\" src=\"https:\/\/biennalecancerologie.org\/2026\/wp-content\/uploads\/2025\/05\/METABO_2025_DIA_STD.jpg\" class=\"attachment- size-\" alt=\"\" srcset=\"https:\/\/biennalecancerologie.org\/2026\/wp-content\/uploads\/2025\/05\/METABO_2025_DIA_STD.jpg 720w, https:\/\/biennalecancerologie.org\/2026\/wp-content\/uploads\/2025\/05\/METABO_2025_DIA_STD-300x169.jpg 300w\" sizes=\"(max-width: 720px) 100vw, 720px\" \/>                <\/div>\n          <\/div>\n                <div class=\"box-body\">\n                            <h3 class=\"elementskit-info-box-title\">\n                    6th Metabolism and Cancer Symposium                <\/h3>\n                        \t\t  \t<p>6-8 Janvier 2025, La Grande Motte<\/p>\n                                <\/div>\n        \n        \n                <\/div>\n                <\/a>\n        <\/div>\t\t\t\t<\/div>\n\t\t\t\t<\/div>\n\t\t\t\t<div class=\"elementor-element elementor-element-0df479f elementor-widget__width-initial ekit-equal-height-disable elementor-widget elementor-widget-elementskit-icon-box\" data-id=\"0df479f\" data-element_type=\"widget\" data-widget_type=\"elementskit-icon-box.default\">\n\t\t\t\t<div class=\"elementor-widget-container\">\n\t\t\t\t\t<div class=\"ekit-wid-con\" >        <!-- link opening -->\n                <a href=\"https:\/\/indd.adobe.com\/view\/2fee6cb7-5332-4acd-a9e5-aea778d95288\" target=\"_blank\" class=\"ekit_global_links\">\n                <!-- end link opening -->\n\n        <div class=\"elementskit-infobox text- text-left icon-lef-right-aligin elementor-animation- media  \">\n                            <div class=\"elementskit-box-header\">\n                <div class=\"elementskit-info-box-icon text-center\">\n                    <img decoding=\"async\" width=\"1280\" height=\"720\" src=\"https:\/\/biennalecancerologie.org\/2026\/wp-content\/uploads\/2025\/08\/AFSOS-2025_Banniere-3.jpg\" class=\"attachment- size-\" alt=\"\" srcset=\"https:\/\/biennalecancerologie.org\/2026\/wp-content\/uploads\/2025\/08\/AFSOS-2025_Banniere-3.jpg 1280w, https:\/\/biennalecancerologie.org\/2026\/wp-content\/uploads\/2025\/08\/AFSOS-2025_Banniere-3-300x169.jpg 300w, https:\/\/biennalecancerologie.org\/2026\/wp-content\/uploads\/2025\/08\/AFSOS-2025_Banniere-3-1024x576.jpg 1024w, https:\/\/biennalecancerologie.org\/2026\/wp-content\/uploads\/2025\/08\/AFSOS-2025_Banniere-3-768x432.jpg 768w\" sizes=\"(max-width: 1280px) 100vw, 1280px\" \/>                <\/div>\n          <\/div>\n                <div class=\"box-body\">\n                            <h3 class=\"elementskit-info-box-title\">\n                    16\u00e8me congr\u00e8s national des soins oncologiques de support                <\/h3>\n                        \t\t  \t<p>15-16-17 octobre 2025, Grand Palais, Lille<\/p>\n                                <\/div>\n        \n        \n                <\/div>\n                <\/a>\n        <\/div>\t\t\t\t<\/div>\n\t\t\t\t<\/div>\n\t\t\t\t<div class=\"elementor-element elementor-element-0034ccd elementor-widget__width-initial ekit-equal-height-disable elementor-widget elementor-widget-elementskit-icon-box\" data-id=\"0034ccd\" data-element_type=\"widget\" data-widget_type=\"elementskit-icon-box.default\">\n\t\t\t\t<div class=\"elementor-widget-container\">\n\t\t\t\t\t<div class=\"ekit-wid-con\" >        <!-- link opening -->\n                <a href=\"https:\/\/www.congres-cnaag.com\/\" target=\"_blank\" class=\"ekit_global_links\">\n                <!-- end link opening -->\n\n        <div class=\"elementskit-infobox text- text-left icon-lef-right-aligin elementor-animation- media  \">\n                            <div class=\"elementskit-box-header\">\n                <div class=\"elementskit-info-box-icon text-center\">\n                    <img decoding=\"async\" width=\"1708\" height=\"892\" src=\"https:\/\/biennalecancerologie.org\/2026\/wp-content\/uploads\/2025\/07\/couv_facebook_820x428.jpg\" class=\"attachment- size-\" alt=\"\" srcset=\"https:\/\/biennalecancerologie.org\/2026\/wp-content\/uploads\/2025\/07\/couv_facebook_820x428.jpg 1708w, https:\/\/biennalecancerologie.org\/2026\/wp-content\/uploads\/2025\/07\/couv_facebook_820x428-300x157.jpg 300w, https:\/\/biennalecancerologie.org\/2026\/wp-content\/uploads\/2025\/07\/couv_facebook_820x428-1024x535.jpg 1024w, https:\/\/biennalecancerologie.org\/2026\/wp-content\/uploads\/2025\/07\/couv_facebook_820x428-768x401.jpg 768w, https:\/\/biennalecancerologie.org\/2026\/wp-content\/uploads\/2025\/07\/couv_facebook_820x428-1536x802.jpg 1536w\" sizes=\"(max-width: 1708px) 100vw, 1708px\" \/>                <\/div>\n          <\/div>\n                <div class=\"box-body\">\n                            <h3 class=\"elementskit-info-box-title\">\n                    19\u00e8me \u00e9dition du Congr\u00e8s National de l&#039;Animation et de l&#039;Accompagnement en G\u00e9rontologie, &quot;Les coop\u00e9rations au c\u0153ur des pratiques&quot;                <\/h3>\n                        \t\t  \t<p>18 et 19 novembre 2025, Centre des Congr\u00e8s de Saint-Etienne<\/p>\n                                <\/div>\n        \n        \n                <\/div>\n                <\/a>\n        <\/div>\t\t\t\t<\/div>\n\t\t\t\t<\/div>\n\t\t\t\t<div class=\"elementor-element elementor-element-4b5c5e7 elementor-widget__width-initial ekit-equal-height-disable elementor-widget elementor-widget-elementskit-icon-box\" data-id=\"4b5c5e7\" data-element_type=\"widget\" data-widget_type=\"elementskit-icon-box.default\">\n\t\t\t\t<div class=\"elementor-widget-container\">\n\t\t\t\t\t<div class=\"ekit-wid-con\" >        <!-- link opening -->\n                <a href=\"https:\/\/www.senologie.com\/\" target=\"_blank\" class=\"ekit_global_links\">\n                <!-- end link opening -->\n\n        <div class=\"elementskit-infobox text- text-left icon-lef-right-aligin elementor-animation- media  \">\n                            <div class=\"elementskit-box-header\">\n                <div class=\"elementskit-info-box-icon text-center\">\n                    <img loading=\"lazy\" decoding=\"async\" width=\"450\" height=\"250\" src=\"https:\/\/biennalecancerologie.org\/2026\/wp-content\/uploads\/2025\/06\/Banniere-Agenda-BORDEAUX2025-450x250px.jpg\" class=\"attachment- size-\" alt=\"\" srcset=\"https:\/\/biennalecancerologie.org\/2026\/wp-content\/uploads\/2025\/06\/Banniere-Agenda-BORDEAUX2025-450x250px.jpg 450w, https:\/\/biennalecancerologie.org\/2026\/wp-content\/uploads\/2025\/06\/Banniere-Agenda-BORDEAUX2025-450x250px-300x167.jpg 300w\" sizes=\"(max-width: 450px) 100vw, 450px\" \/>                <\/div>\n          <\/div>\n                <div class=\"box-body\">\n                            <h3 class=\"elementskit-info-box-title\">\n                    46\u00e8me Journ\u00e9es de la SFSPM                <\/h3>\n                        \t\t  \t<p>19-21 Novembre 2025, Bordeaux<\/p>\n                                <\/div>\n        \n        \n                <\/div>\n                <\/a>\n        <\/div>\t\t\t\t<\/div>\n\t\t\t\t<\/div>\n\t\t\t\t<div class=\"elementor-element elementor-element-5c914ae elementor-widget__width-initial ekit-equal-height-disable elementor-widget elementor-widget-elementskit-icon-box\" data-id=\"5c914ae\" data-element_type=\"widget\" data-widget_type=\"elementskit-icon-box.default\">\n\t\t\t\t<div class=\"elementor-widget-container\">\n\t\t\t\t\t<div class=\"ekit-wid-con\" >        <!-- link opening -->\n                <a href=\"https:\/\/fede-cancero.com\/\" target=\"_blank\" class=\"ekit_global_links\">\n                <!-- end link opening -->\n\n        <div class=\"elementskit-infobox text- text-left icon-lef-right-aligin elementor-animation- media  \">\n                            <div class=\"elementskit-box-header\">\n                <div class=\"elementskit-info-box-icon text-center\">\n                    <img loading=\"lazy\" decoding=\"async\" width=\"1920\" height=\"1080\" src=\"https:\/\/biennalecancerologie.org\/2026\/wp-content\/uploads\/2025\/06\/FEDE_2025_VIGNETTE.png\" class=\"attachment- size-\" alt=\"\" srcset=\"https:\/\/biennalecancerologie.org\/2026\/wp-content\/uploads\/2025\/06\/FEDE_2025_VIGNETTE.png 1920w, https:\/\/biennalecancerologie.org\/2026\/wp-content\/uploads\/2025\/06\/FEDE_2025_VIGNETTE-300x169.png 300w, https:\/\/biennalecancerologie.org\/2026\/wp-content\/uploads\/2025\/06\/FEDE_2025_VIGNETTE-1024x576.png 1024w, https:\/\/biennalecancerologie.org\/2026\/wp-content\/uploads\/2025\/06\/FEDE_2025_VIGNETTE-768x432.png 768w, https:\/\/biennalecancerologie.org\/2026\/wp-content\/uploads\/2025\/06\/FEDE_2025_VIGNETTE-1536x864.png 1536w\" sizes=\"(max-width: 1920px) 100vw, 1920px\" \/>                <\/div>\n          <\/div>\n                <div class=\"box-body\">\n                            <h3 class=\"elementskit-info-box-title\">\n                    19e Forum de la F\u00e9d\u00e9ration de Canc\u00e9rologie                <\/h3>\n                        \t\t  \t<p>Samedi 25 Novembre 2025, H\u00f4pital priv\u00e9 de provence, Aix-en-provence<\/p>\n                                <\/div>\n        \n        \n                <\/div>\n                <\/a>\n        <\/div>\t\t\t\t<\/div>\n\t\t\t\t<\/div>\n\t\t\t\t<div class=\"elementor-element elementor-element-71b86fe elementor-widget__width-initial ekit-equal-height-disable elementor-widget elementor-widget-elementskit-icon-box\" data-id=\"71b86fe\" data-element_type=\"widget\" data-widget_type=\"elementskit-icon-box.default\">\n\t\t\t\t<div class=\"elementor-widget-container\">\n\t\t\t\t\t<div class=\"ekit-wid-con\" >        <!-- link opening -->\n                <a href=\"https:\/\/onco-aura.fr\/journee-nationale-donco-rehabilitation-2025\/\" target=\"_blank\" class=\"ekit_global_links\">\n                <!-- end link opening -->\n\n        <div class=\"elementskit-infobox text- text-left icon-lef-right-aligin elementor-animation- media  \">\n                            <div class=\"elementskit-box-header\">\n                <div class=\"elementskit-info-box-icon text-center\">\n                    <img loading=\"lazy\" decoding=\"async\" width=\"1546\" height=\"374\" src=\"https:\/\/biennalecancerologie.org\/2026\/wp-content\/uploads\/2025\/08\/JNOR2025_bandeau.png\" class=\"attachment- size-\" alt=\"\" srcset=\"https:\/\/biennalecancerologie.org\/2026\/wp-content\/uploads\/2025\/08\/JNOR2025_bandeau.png 1546w, https:\/\/biennalecancerologie.org\/2026\/wp-content\/uploads\/2025\/08\/JNOR2025_bandeau-300x73.png 300w, https:\/\/biennalecancerologie.org\/2026\/wp-content\/uploads\/2025\/08\/JNOR2025_bandeau-1024x248.png 1024w, https:\/\/biennalecancerologie.org\/2026\/wp-content\/uploads\/2025\/08\/JNOR2025_bandeau-768x186.png 768w, https:\/\/biennalecancerologie.org\/2026\/wp-content\/uploads\/2025\/08\/JNOR2025_bandeau-1536x372.png 1536w\" sizes=\"(max-width: 1546px) 100vw, 1546px\" \/>                <\/div>\n          <\/div>\n                <div class=\"box-body\">\n                            <h3 class=\"elementskit-info-box-title\">\n                    Journ\u00e9e Nationale d\u2019Onco-R\u00e9habilitation                <\/h3>\n                        \t\t  \t<p>25 novembre 2025, Lyon<\/p>\n                                <\/div>\n        \n        \n                <\/div>\n                <\/a>\n        <\/div>\t\t\t\t<\/div>\n\t\t\t\t<\/div>\n\t\t\t\t<div class=\"elementor-element elementor-element-b2df3a9 elementor-widget__width-initial ekit-equal-height-disable elementor-widget elementor-widget-elementskit-icon-box\" data-id=\"b2df3a9\" data-element_type=\"widget\" data-widget_type=\"elementskit-icon-box.default\">\n\t\t\t\t<div class=\"elementor-widget-container\">\n\t\t\t\t\t<div class=\"ekit-wid-con\" >        <!-- link opening -->\n                <a href=\"https:\/\/oncologie-bio.org\/\" target=\"_blank\" class=\"ekit_global_links\">\n                <!-- end link opening -->\n\n        <div class=\"elementskit-infobox text- text-left icon-lef-right-aligin elementor-animation- media  \">\n                            <div class=\"elementskit-box-header\">\n                <div class=\"elementskit-info-box-icon text-center\">\n                    <img loading=\"lazy\" decoding=\"async\" width=\"2560\" height=\"1440\" src=\"https:\/\/biennalecancerologie.org\/2026\/wp-content\/uploads\/2025\/04\/IPA2025_1333X750-scaled-1.jpg\" class=\"attachment- size-\" alt=\"\" srcset=\"https:\/\/biennalecancerologie.org\/2026\/wp-content\/uploads\/2025\/04\/IPA2025_1333X750-scaled-1.jpg 2560w, https:\/\/biennalecancerologie.org\/2026\/wp-content\/uploads\/2025\/04\/IPA2025_1333X750-scaled-1-300x169.jpg 300w, https:\/\/biennalecancerologie.org\/2026\/wp-content\/uploads\/2025\/04\/IPA2025_1333X750-scaled-1-1024x576.jpg 1024w, https:\/\/biennalecancerologie.org\/2026\/wp-content\/uploads\/2025\/04\/IPA2025_1333X750-scaled-1-768x432.jpg 768w, https:\/\/biennalecancerologie.org\/2026\/wp-content\/uploads\/2025\/04\/IPA2025_1333X750-scaled-1-1536x864.jpg 1536w, https:\/\/biennalecancerologie.org\/2026\/wp-content\/uploads\/2025\/04\/IPA2025_1333X750-scaled-1-2048x1152.jpg 2048w\" sizes=\"(max-width: 2560px) 100vw, 2560px\" \/>                <\/div>\n          <\/div>\n                <div class=\"box-body\">\n                            <h3 class=\"elementskit-info-box-title\">\n                    Biennale des Infirmi\u00e8res sp\u00e9cialis\u00e9es en Oncologie                <\/h3>\n                        \t\t  \t<p>27-28 Novembre 2025, \nMarriott Port De Cap D'ail<\/p>\n                                <\/div>\n        \n        \n                <\/div>\n                <\/a>\n        <\/div>\t\t\t\t<\/div>\n\t\t\t\t<\/div>\n\t\t\t\t<div class=\"elementor-element elementor-element-ed1fe12 elementor-widget__width-initial ekit-equal-height-disable elementor-widget elementor-widget-elementskit-icon-box\" data-id=\"ed1fe12\" data-element_type=\"widget\" data-widget_type=\"elementskit-icon-box.default\">\n\t\t\t\t<div class=\"elementor-widget-container\">\n\t\t\t\t\t<div class=\"ekit-wid-con\" >        <!-- link opening -->\n                <a href=\"https:\/\/pelvic-health.fr\/\" target=\"_blank\" class=\"ekit_global_links\">\n                <!-- end link opening -->\n\n        <div class=\"elementskit-infobox text- text-left icon-lef-right-aligin elementor-animation- media  \">\n                            <div class=\"elementskit-box-header\">\n                <div class=\"elementskit-info-box-icon text-center\">\n                    <img loading=\"lazy\" decoding=\"async\" width=\"800\" height=\"450\" src=\"https:\/\/biennalecancerologie.org\/2026\/wp-content\/uploads\/2025\/12\/Pelvic-Health-Banner.jpg\" class=\"attachment- size-\" alt=\"\" srcset=\"https:\/\/biennalecancerologie.org\/2026\/wp-content\/uploads\/2025\/12\/Pelvic-Health-Banner.jpg 800w, https:\/\/biennalecancerologie.org\/2026\/wp-content\/uploads\/2025\/12\/Pelvic-Health-Banner-300x169.jpg 300w, https:\/\/biennalecancerologie.org\/2026\/wp-content\/uploads\/2025\/12\/Pelvic-Health-Banner-768x432.jpg 768w\" sizes=\"(max-width: 800px) 100vw, 800px\" \/>                <\/div>\n          <\/div>\n                <div class=\"box-body\">\n                            <h3 class=\"elementskit-info-box-title\">\n                    5\u00e8me edition du Congr\u00e8s Pelvic Health                <\/h3>\n                        \t\t  \t<p>11 et 12 d\u00e9cembre 2025, H\u00f4tel Novotel Monaco<\/p>\n                                <\/div>\n        \n        \n                <\/div>\n                <\/a>\n        <\/div>\t\t\t\t<\/div>\n\t\t\t\t<\/div>\n\t\t\t\t<div class=\"elementor-element elementor-element-b117c4d elementor-widget__width-initial ekit-equal-height-disable elementor-widget elementor-widget-elementskit-icon-box\" data-id=\"b117c4d\" data-element_type=\"widget\" data-widget_type=\"elementskit-icon-box.default\">\n\t\t\t\t<div class=\"elementor-widget-container\">\n\t\t\t\t\t<div class=\"ekit-wid-con\" >        <!-- link opening -->\n                <a href=\"https:\/\/sofog.org\/evenements-congres\/les-21emes-journees-nationales-de-la-societe-francophone-donco-geriatrie\/\" target=\"_blank\" class=\"ekit_global_links\">\n                <!-- end link opening -->\n\n        <div class=\"elementskit-infobox text- text-left icon-lef-right-aligin elementor-animation- media  \">\n                            <div class=\"elementskit-box-header\">\n                <div class=\"elementskit-info-box-icon text-center\">\n                    <img loading=\"lazy\" decoding=\"async\" width=\"978\" height=\"550\" src=\"https:\/\/biennalecancerologie.org\/2026\/wp-content\/uploads\/2025\/12\/SOFOG25-978x550-Banner.jpg\" class=\"attachment- size-\" alt=\"\" srcset=\"https:\/\/biennalecancerologie.org\/2026\/wp-content\/uploads\/2025\/12\/SOFOG25-978x550-Banner.jpg 978w, https:\/\/biennalecancerologie.org\/2026\/wp-content\/uploads\/2025\/12\/SOFOG25-978x550-Banner-300x169.jpg 300w, https:\/\/biennalecancerologie.org\/2026\/wp-content\/uploads\/2025\/12\/SOFOG25-978x550-Banner-768x432.jpg 768w\" sizes=\"(max-width: 978px) 100vw, 978px\" \/>                <\/div>\n          <\/div>\n                <div class=\"box-body\">\n                            <h3 class=\"elementskit-info-box-title\">\n                    Les 21\u00e8mes Journ\u00e9es Nationales de la Soci\u00e9t\u00e9 Francophone d\u2019Onco-G\u00e9riatrie                <\/h3>\n                        \t\t  \t<p>15 au 17 d\u00e9cembre 2025, Mercure Chantilly<\/p>\n                                <\/div>\n        \n        \n                <\/div>\n                <\/a>\n        <\/div>\t\t\t\t<\/div>\n\t\t\t\t<\/div>\n\t\t\t\t<div class=\"elementor-element elementor-element-ac6bd86 elementor-widget__width-initial ekit-equal-height-disable elementor-widget elementor-widget-elementskit-icon-box\" data-id=\"ac6bd86\" data-element_type=\"widget\" data-widget_type=\"elementskit-icon-box.default\">\n\t\t\t\t<div class=\"elementor-widget-container\">\n\t\t\t\t\t<div class=\"ekit-wid-con\" >        <!-- link opening -->\n                <a href=\"https:\/\/mao-monaco.org\/\" target=\"_blank\" class=\"ekit_global_links\">\n                <!-- end link opening -->\n\n        <div class=\"elementskit-infobox text- text-left icon-lef-right-aligin elementor-animation- media  \">\n                            <div class=\"elementskit-box-header\">\n                <div class=\"elementskit-info-box-icon text-center\">\n                    <img loading=\"lazy\" decoding=\"async\" width=\"1000\" height=\"538\" src=\"https:\/\/biennalecancerologie.org\/2026\/wp-content\/uploads\/2025\/06\/BANNER-MAO2027-copia.png\" class=\"attachment- size-\" alt=\"\" srcset=\"https:\/\/biennalecancerologie.org\/2026\/wp-content\/uploads\/2025\/06\/BANNER-MAO2027-copia.png 1000w, https:\/\/biennalecancerologie.org\/2026\/wp-content\/uploads\/2025\/06\/BANNER-MAO2027-copia-300x161.png 300w, https:\/\/biennalecancerologie.org\/2026\/wp-content\/uploads\/2025\/06\/BANNER-MAO2027-copia-768x413.png 768w\" sizes=\"(max-width: 1000px) 100vw, 1000px\" \/>                <\/div>\n          <\/div>\n                <div class=\"box-body\">\n                            <h3 class=\"elementskit-info-box-title\">\n                    Monaco Age Oncologie 2027                <\/h3>\n                        \t\t  \t<p>27-29 Janvier 2027, H\u00f4tel Fairmont Monaco<\/p>\n                                <\/div>\n        \n        \n                <\/div>\n                <\/a>\n        <\/div>\t\t\t\t<\/div>\n\t\t\t\t<\/div>\n\t\t\t\t\t<\/div>\n\t\t\t\t<\/div>\n\t\t\t\t<\/div>\n\t\t\r\n<!-- WeMeet Web(R) - Gange - All rights reserved: 2010 - 2025, plug-in for WordPress by Lena Group, https:\/\/lenagroup.net -->\r\n<div id=\"idGangeCookiesDiv1\" class=\"gange_CookiesDiv1\"><div id=\"idGangeCookiesDiv2\" class=\"gange_CookiesDiv2\"><form id=\"idGangeCookiesForm\" name=\"GangeCookiesForm\" action=\"#\" method=\"post\"><span id=\"idGangeCookiesSpan1\" class=\"gange_CookiesSpan1\">Nous utilisons des cookies pour vous garantir la meilleure exp\u00e9rience sur notre site Web.<\/span><span id=\"idGangeCookiesSpan2\" class=\"gange_CookiesSpan2\">Nous utilisons des cookies pour am\u00e9liorer l'analyse de nos performances. Vous pouvez autoriser ou bloquer les cookies en cochant la case \u00e0 droite de chaque cookie. <a href='https:\/\/lenagroup.net\/other\/cookies-policy\/' target='_blank'>See our cookies policy<\/a>.<br>Google Analytics, j'accepte:<input id=\"idGangeCookiesAnalytics\" name=\"idGangeCookiesAnalytics\" type=\"checkbox\" checked=\"checked\" value=\"1\"><\/span><span id=\"idGangeCookiesSpanSubmit\" class=\"gange_CookiesSpanSubmit\"><input id=\"idGangeCookiesTag\" name=\"idGangeCookiesTag\" type=\"hidden\" value=\"##COOKIESGANGE##\"><input id=\"idGangeCookiesSubmit\" name=\"idGangeCookiesSubmit\" type=\"submit\" class=\"gange_CookiesSubmit\" value=\"Update my Preferences\"><\/span><\/form><\/div><\/div><script type=\"text\/javascript\"> $('body').css('overflow','hidden'); <\/script>\r\n<!-- WeMeet Web(R) - Gange - All rights reserved: 2010 - 2025, plug-in for WordPress by Lena Group, https:\/\/lenagroup.net -->\r\n <script type=\"text\/javascript\"> if (typeof(f_tFlgVISA) === typeof(Function))  \tf_tFlgVISA(null);  if (typeof(f_tFlgAllergia) === typeof(Function))  \tf_tFlgAllergia(null);  if (typeof(f_IDTipologia) === typeof(Function)) {  \tvar eObjTYPE = document.getElementById(\"id_IDTipologia\");  \tf_IDTipologia(eObjTYPE);  }  if (typeof(f_IDAttivita) === typeof(Function)) {  \tvar etFlgActivity = document.getElementById(\"id_IDAttivita\");  \tf_IDAttivita(etFlgActivity);  }  if (typeof(f_IDNazionalita) === typeof(Function)) {  \tvar etFlgNazionalita = document.getElementById(\"id_IDNazionalita\");  \tf_IDNazionalita(etFlgNazionalita);  }  if (typeof(f_IndFattIDNazione) === typeof(Function))  \tf_IndFattIDNazione(null);  if (typeof(f_IDDomanda15943) === typeof(Function)) {  \tvar etFlgDomanda15943 = document.getElementById(\"id_IDDomanda15943\");  \tif (etFlgDomanda15943 != null) {  \t\tf_IDDomanda15943(etFlgDomanda15943);  \t}  }  if (typeof(f_IDDomanda15945) === typeof(Function)) {  \tvar etFlgDomanda15945 = document.getElementById(\"id_IDDomanda15945\");  \tif (etFlgDomanda15945 != null) {  \t\tf_IDDomanda15945(etFlgDomanda15945);  \t}  }  if (typeof(f_IDDomanda16517) === typeof(Function)) {  \tvar etFlgDomanda16517 = document.getElementById(\"id_IDDomanda16517\");  \tif (etFlgDomanda16517 != null) {  \t\tf_IDDomanda16517(etFlgDomanda16517);  \t}  }  if (typeof(f_IDDomanda16518) === typeof(Function)) {  \tvar etFlgDomanda16518 = document.getElementById(\"id_IDDomanda16518\");  \tif (etFlgDomanda16518 != null) {  \t\tf_IDDomanda16518(etFlgDomanda16518);  \t}  }  if (typeof(f_IDDomanda16521) === typeof(Function)) {  \tvar etFlgDomanda16521 = document.getElementById(\"id_IDDomanda16521\");  \tif (etFlgDomanda16521 != null) {  \t\tf_IDDomanda16521(etFlgDomanda16521);  \t}  }  if (typeof(f_IDDomanda16476) === typeof(Function)) {  \tvar etFlgDomanda16476 = document.getElementById(\"id_IDDomanda16476\");  \tif (etFlgDomanda16476 != null) {  \t\tf_IDDomanda16476(etFlgDomanda16476);  \t}  }  if (typeof(f_IDDomanda16488) === typeof(Function)) {  \tvar etFlgDomanda16488 = document.getElementById(\"id_IDDomanda16488\");  \tif (etFlgDomanda16488 != null) {  \t\tf_IDDomanda16488(etFlgDomanda16488);  \t}  }  if (typeof(f_IDDomanda16479) === typeof(Function)) {  \tvar etFlgDomanda16479 = document.getElementById(\"id_IDDomanda16479\");  \tif (etFlgDomanda16479 != null) {  \t\tf_IDDomanda16479(etFlgDomanda16479);  \t}  }  <\/script>","protected":false},"excerpt":{"rendered":"<p>6th Metabolism and Cancer Symposium 6-8 Janvier 2025, La Grande Motte 16\u00e8me congr\u00e8s national des soins oncologiques de support 15-16-17 octobre 2025, Grand Palais, Lille 19\u00e8me \u00e9dition du Congr\u00e8s National de l&#039;Animation et de l&#039;Accompagnement en G\u00e9rontologie, &quot;Les coop\u00e9rations au c\u0153ur des pratiques&quot; 18 et 19 novembre 2025, Centre des Congr\u00e8s de Saint-Etienne 46\u00e8me Journ\u00e9es [&hellip;]<\/p>\n","protected":false},"author":1,"featured_media":0,"parent":178,"menu_order":2,"comment_status":"closed","ping_status":"closed","template":"","meta":{"footnotes":""},"class_list":["post-182","page","type-page","status-publish","hentry"],"_links":{"self":[{"href":"https:\/\/biennalecancerologie.org\/2026\/index.php?rest_route=\/wp\/v2\/pages\/182","targetHints":{"allow":["GET"]}}],"collection":[{"href":"https:\/\/biennalecancerologie.org\/2026\/index.php?rest_route=\/wp\/v2\/pages"}],"about":[{"href":"https:\/\/biennalecancerologie.org\/2026\/index.php?rest_route=\/wp\/v2\/types\/page"}],"author":[{"embeddable":true,"href":"https:\/\/biennalecancerologie.org\/2026\/index.php?rest_route=\/wp\/v2\/users\/1"}],"replies":[{"embeddable":true,"href":"https:\/\/biennalecancerologie.org\/2026\/index.php?rest_route=%2Fwp%2Fv2%2Fcomments&post=182"}],"version-history":[{"count":41,"href":"https:\/\/biennalecancerologie.org\/2026\/index.php?rest_route=\/wp\/v2\/pages\/182\/revisions"}],"predecessor-version":[{"id":1719,"href":"https:\/\/biennalecancerologie.org\/2026\/index.php?rest_route=\/wp\/v2\/pages\/182\/revisions\/1719"}],"up":[{"embeddable":true,"href":"https:\/\/biennalecancerologie.org\/2026\/index.php?rest_route=\/wp\/v2\/pages\/178"}],"wp:attachment":[{"href":"https:\/\/biennalecancerologie.org\/2026\/index.php?rest_route=%2Fwp%2Fv2%2Fmedia&parent=182"}],"curies":[{"name":"wp","href":"https:\/\/api.w.org\/{rel}","templated":true}]}}