{"id":186,"date":"2025-01-20T12:32:07","date_gmt":"2025-01-20T12:32:07","guid":{"rendered":"https:\/\/biennalecancerologie.org\/2026\/?page_id=186"},"modified":"2025-01-20T12:32:07","modified_gmt":"2025-01-20T12:32:07","slug":"espace-exposition","status":"publish","type":"page","link":"https:\/\/biennalecancerologie.org\/2026\/?page_id=186","title":{"rendered":"Espace Exposition"},"content":{"rendered":"\r\n<!-- WeMeet Web(R) - Gange - All rights reserved: 2010 - 2025, plug-in for WordPress by Lena Group, https:\/\/lenagroup.net -->\r\n<div id=\"idGangeCookiesDiv1\" class=\"gange_CookiesDiv1\"><div id=\"idGangeCookiesDiv2\" class=\"gange_CookiesDiv2\"><form id=\"idGangeCookiesForm\" name=\"GangeCookiesForm\" action=\"#\" method=\"post\"><span id=\"idGangeCookiesSpan1\" class=\"gange_CookiesSpan1\">Nous utilisons des cookies pour vous garantir la meilleure exp\u00e9rience sur notre site Web.<\/span><span id=\"idGangeCookiesSpan2\" class=\"gange_CookiesSpan2\">Nous utilisons des cookies pour am\u00e9liorer l'analyse de nos performances. Vous pouvez autoriser ou bloquer les cookies en cochant la case \u00e0 droite de chaque cookie. <a href='https:\/\/lenagroup.net\/other\/cookies-policy\/' target='_blank'>See our cookies policy<\/a>.<br>Google Analytics, j'accepte:<input id=\"idGangeCookiesAnalytics\" name=\"idGangeCookiesAnalytics\" type=\"checkbox\" checked=\"checked\" value=\"1\"><\/span><span id=\"idGangeCookiesSpanSubmit\" class=\"gange_CookiesSpanSubmit\"><input id=\"idGangeCookiesTag\" name=\"idGangeCookiesTag\" type=\"hidden\" value=\"##COOKIESGANGE##\"><input id=\"idGangeCookiesSubmit\" name=\"idGangeCookiesSubmit\" type=\"submit\" class=\"gange_CookiesSubmit\" value=\"Update my Preferences\"><\/span><\/form><\/div><\/div><script type=\"text\/javascript\"> $('body').css('overflow','hidden'); <\/script>\r\n<!-- WeMeet Web(R) - Gange - All rights reserved: 2010 - 2025, plug-in for WordPress by Lena Group, https:\/\/lenagroup.net -->\r\n <script type=\"text\/javascript\"> if (typeof(f_tFlgVISA) === typeof(Function))  \tf_tFlgVISA(null);  if (typeof(f_tFlgAllergia) === typeof(Function))  \tf_tFlgAllergia(null);  if (typeof(f_IDTipologia) === typeof(Function)) {  \tvar eObjTYPE = document.getElementById(\"id_IDTipologia\");  \tf_IDTipologia(eObjTYPE);  }  if (typeof(f_IDAttivita) === typeof(Function)) {  \tvar etFlgActivity = document.getElementById(\"id_IDAttivita\");  \tf_IDAttivita(etFlgActivity);  }  if (typeof(f_IDNazionalita) === typeof(Function)) {  \tvar etFlgNazionalita = document.getElementById(\"id_IDNazionalita\");  \tf_IDNazionalita(etFlgNazionalita);  }  if (typeof(f_IndFattIDNazione) === typeof(Function))  \tf_IndFattIDNazione(null);  if (typeof(f_IDDomanda15943) === typeof(Function)) {  \tvar etFlgDomanda15943 = document.getElementById(\"id_IDDomanda15943\");  \tif (etFlgDomanda15943 != null) {  \t\tf_IDDomanda15943(etFlgDomanda15943);  \t}  }  if (typeof(f_IDDomanda15945) === typeof(Function)) {  \tvar etFlgDomanda15945 = document.getElementById(\"id_IDDomanda15945\");  \tif (etFlgDomanda15945 != null) {  \t\tf_IDDomanda15945(etFlgDomanda15945);  \t}  }  if (typeof(f_IDDomanda16517) === typeof(Function)) {  \tvar etFlgDomanda16517 = document.getElementById(\"id_IDDomanda16517\");  \tif (etFlgDomanda16517 != null) {  \t\tf_IDDomanda16517(etFlgDomanda16517);  \t}  }  if (typeof(f_IDDomanda16518) === typeof(Function)) {  \tvar etFlgDomanda16518 = document.getElementById(\"id_IDDomanda16518\");  \tif (etFlgDomanda16518 != null) {  \t\tf_IDDomanda16518(etFlgDomanda16518);  \t}  }  if (typeof(f_IDDomanda16521) === typeof(Function)) {  \tvar etFlgDomanda16521 = document.getElementById(\"id_IDDomanda16521\");  \tif (etFlgDomanda16521 != null) {  \t\tf_IDDomanda16521(etFlgDomanda16521);  \t}  }  if (typeof(f_IDDomanda16476) === typeof(Function)) {  \tvar etFlgDomanda16476 = document.getElementById(\"id_IDDomanda16476\");  \tif (etFlgDomanda16476 != null) {  \t\tf_IDDomanda16476(etFlgDomanda16476);  \t}  }  if (typeof(f_IDDomanda16488) === typeof(Function)) {  \tvar etFlgDomanda16488 = document.getElementById(\"id_IDDomanda16488\");  \tif (etFlgDomanda16488 != null) {  \t\tf_IDDomanda16488(etFlgDomanda16488);  \t}  }  if (typeof(f_IDDomanda16479) === typeof(Function)) {  \tvar etFlgDomanda16479 = document.getElementById(\"id_IDDomanda16479\");  \tif (etFlgDomanda16479 != null) {  \t\tf_IDDomanda16479(etFlgDomanda16479);  \t}  }  <\/script>","protected":false},"excerpt":{"rendered":"<p>Nous utilisons des cookies pour vous garantir la meilleure exp\u00e9rience sur notre site Web.Nous utilisons des cookies pour am\u00e9liorer l&#8217;analyse de nos performances. Vous pouvez autoriser ou bloquer les cookies en cochant la case \u00e0 droite de chaque cookie. See our cookies policy.Google Analytics, j&#8217;accepte:<\/p>\n","protected":false},"author":1,"featured_media":0,"parent":178,"menu_order":4,"comment_status":"closed","ping_status":"closed","template":"elementor_header_footer","meta":{"footnotes":""},"class_list":["post-186","page","type-page","status-publish","hentry"],"_links":{"self":[{"href":"https:\/\/biennalecancerologie.org\/2026\/index.php?rest_route=\/wp\/v2\/pages\/186","targetHints":{"allow":["GET"]}}],"collection":[{"href":"https:\/\/biennalecancerologie.org\/2026\/index.php?rest_route=\/wp\/v2\/pages"}],"about":[{"href":"https:\/\/biennalecancerologie.org\/2026\/index.php?rest_route=\/wp\/v2\/types\/page"}],"author":[{"embeddable":true,"href":"https:\/\/biennalecancerologie.org\/2026\/index.php?rest_route=\/wp\/v2\/users\/1"}],"replies":[{"embeddable":true,"href":"https:\/\/biennalecancerologie.org\/2026\/index.php?rest_route=%2Fwp%2Fv2%2Fcomments&post=186"}],"version-history":[{"count":1,"href":"https:\/\/biennalecancerologie.org\/2026\/index.php?rest_route=\/wp\/v2\/pages\/186\/revisions"}],"predecessor-version":[{"id":187,"href":"https:\/\/biennalecancerologie.org\/2026\/index.php?rest_route=\/wp\/v2\/pages\/186\/revisions\/187"}],"up":[{"embeddable":true,"href":"https:\/\/biennalecancerologie.org\/2026\/index.php?rest_route=\/wp\/v2\/pages\/178"}],"wp:attachment":[{"href":"https:\/\/biennalecancerologie.org\/2026\/index.php?rest_route=%2Fwp%2Fv2%2Fmedia&parent=186"}],"curies":[{"name":"wp","href":"https:\/\/api.w.org\/{rel}","templated":true}]}}